{"id":328,"date":"2016-11-02T13:34:42","date_gmt":"2016-11-02T11:34:42","guid":{"rendered":"http:\/\/historiarum.fi\/historiarum\/?lang=fi"},"modified":"2022-08-17T15:07:54","modified_gmt":"2022-08-17T12:07:54","slug":"historiarum","status":"publish","type":"page","link":"https:\/\/historiarum.fi\/fi\/","title":{"rendered":"historiarum"},"content":{"rendered":"<p>Historiarum on mobiili-laitteille tehty portaali joka tarjoaa vierailijoille tietoa kulttuurista, historiallisista paikoista sek\u00e4 muista n\u00e4ht\u00e4vyyksist\u00e4. Portaali on Paraisten kulttuuriosaston omistama ja hallinnoima.<\/p>\n<ul>\n<li><a href=\"https:\/\/historiarum.fi\/fi\/gamlamalmen\/?lang=fi\">PARAISTEN VANHA KAUPUNKI<\/a><\/li>\n<li><a href=\"http:\/\/historiarum.fi\/abolandska-museer\/\">TURUNMAAN MUSEOT<\/a><\/li>\n<li><a href=\"https:\/\/historiarum.fi\/fi\/taidepolku\/\">TAIDEPOLKU<\/a><\/li>\n<\/ul>\n","protected":false},"excerpt":{"rendered":"<p>Historiarum on mobiili-laitteille tehty portaali joka tarjoaa vierailijoille tietoa kulttuurista, historiallisista paikoista sek\u00e4 muista n\u00e4ht\u00e4vyyksist\u00e4. Portaali on Paraisten kulttuuriosaston omistama ja hallinnoima. PARAISTEN VANHA KAUPUNKI TURUNMAAN MUSEOT TAIDEPOLKU<\/p>\n","protected":false},"author":1,"featured_media":0,"parent":0,"menu_order":0,"comment_status":"closed","ping_status":"open","template":"","meta":{"footnotes":""},"class_list":["post-328","page","type-page","status-publish","hentry"],"_links":{"self":[{"href":"https:\/\/historiarum.fi\/fi\/wp-json\/wp\/v2\/pages\/328","targetHints":{"allow":["GET"]}}],"collection":[{"href":"https:\/\/historiarum.fi\/fi\/wp-json\/wp\/v2\/pages"}],"about":[{"href":"https:\/\/historiarum.fi\/fi\/wp-json\/wp\/v2\/types\/page"}],"author":[{"embeddable":true,"href":"https:\/\/historiarum.fi\/fi\/wp-json\/wp\/v2\/users\/1"}],"replies":[{"embeddable":true,"href":"https:\/\/historiarum.fi\/fi\/wp-json\/wp\/v2\/comments?post=328"}],"version-history":[{"count":4,"href":"https:\/\/historiarum.fi\/fi\/wp-json\/wp\/v2\/pages\/328\/revisions"}],"predecessor-version":[{"id":1130,"href":"https:\/\/historiarum.fi\/fi\/wp-json\/wp\/v2\/pages\/328\/revisions\/1130"}],"wp:attachment":[{"href":"https:\/\/historiarum.fi\/fi\/wp-json\/wp\/v2\/media?parent=328"}],"curies":[{"name":"wp","href":"https:\/\/api.w.org\/{rel}","templated":true}]}}