{"id":52,"date":"2016-06-02T10:31:17","date_gmt":"2016-06-02T07:31:17","guid":{"rendered":"http:\/\/historiarum.fi\/gamlamalmen\/?lang=fi"},"modified":"2016-08-17T15:42:27","modified_gmt":"2016-08-17T12:42:27","slug":"gamlamalmen","status":"publish","type":"page","link":"https:\/\/historiarum.fi\/fi\/gamlamalmen\/","title":{"rendered":"Gamla malmen"},"content":{"rendered":"<figure id=\"attachment_61\" aria-describedby=\"caption-attachment-61\" style=\"width: 350px\" class=\"wp-caption alignnone\"><img loading=\"lazy\" decoding=\"async\" class=\"wp-image-61 size-full\" src=\"http:\/\/historiarum.fi\/wp-content\/uploads\/2016\/06\/gamlamalmen-1.jpg\" alt=\"Gamla Malmen i Pargas.\" width=\"350\" height=\"263\" srcset=\"https:\/\/historiarum.fi\/wp-content\/uploads\/2016\/06\/gamlamalmen-1.jpg 350w, https:\/\/historiarum.fi\/wp-content\/uploads\/2016\/06\/gamlamalmen-1-300x225.jpg 300w\" sizes=\"auto, (max-width: 350px) 85vw, 350px\" \/><figcaption id=\"caption-attachment-61\" class=\"wp-caption-text\">Gamla Malmen i Pargas.<\/figcaption><\/figure>\n<p>Vanha Malmi on Paraisten historiallinen keskus, vanha kauppapaikka ja hyvin s\u00e4ilynyt puutalokaupunki. Vanha Malmi muodostaa yhdess\u00e4 keskiaikaisen kirkon kanssa kansallisesti arvokkaan kulttuuriymp\u00e4rist\u00f6n.<\/p>\n<p><iframe loading=\"lazy\" src=\"https:\/\/www.google.com\/maps\/d\/embed?mid=1P-U-XUxvUb8pX1ovaA-w9tftG7I\" width=\"280\" height=\"500\"><\/iframe><br \/>\nAlueen ensimm\u00e4iset rakennelmat olivat kaiketi kirkkoa 1200-1300 luvuilla rakentaneiden ty\u00f6l\u00e4isten kirkonm\u00e4elle pystytt\u00e4mi\u00e4 torppia. Malmin nykyinen asutus on 1700-luvun kiivas rakentamiskauden tulosta.<\/p>\n<figure id=\"attachment_214\" aria-describedby=\"caption-attachment-214\" style=\"width: 300px\" class=\"wp-caption aligncenter\"><a href=\"http:\/\/historiarum.fi\/wp-content\/uploads\/2016\/06\/Sn\u00e4ckviken-1.jpg\"><img loading=\"lazy\" decoding=\"async\" class=\"wp-image-214 size-medium\" src=\"http:\/\/historiarum.fi\/wp-content\/uploads\/2016\/06\/Sn\u00e4ckviken-1-300x189.jpg\" alt=\"Sn\u00e4ckviken\" width=\"300\" height=\"189\" srcset=\"https:\/\/historiarum.fi\/wp-content\/uploads\/2016\/06\/Sn\u00e4ckviken-1-300x189.jpg 300w, https:\/\/historiarum.fi\/wp-content\/uploads\/2016\/06\/Sn\u00e4ckviken-1-768x484.jpg 768w, https:\/\/historiarum.fi\/wp-content\/uploads\/2016\/06\/Sn\u00e4ckviken-1-1024x645.jpg 1024w, https:\/\/historiarum.fi\/wp-content\/uploads\/2016\/06\/Sn\u00e4ckviken-1-1200x756.jpg 1200w\" sizes=\"auto, (max-width: 300px) 85vw, 300px\" \/><\/a><figcaption id=\"caption-attachment-214\" class=\"wp-caption-text\">Vanha rantalinja kulki aivan Vanhan Malmin etel\u00e4isten tonttien rajalla.<\/figcaption><\/figure>\n<p>Monien vanhojen rakennusten ulkomuodot ovat aikojen saatossa muuttuneet. Kaupungin kujien varrella voi silti n\u00e4hd\u00e4 esimerkkej\u00e4 1700-luvun pienist\u00e4 m\u00f6keist\u00e4 sek\u00e4 1800-luvun mahtipontisesta kaupunkirakentamisesta.<\/p>\n<figure id=\"attachment_64\" aria-describedby=\"caption-attachment-64\" style=\"width: 300px\" class=\"wp-caption aligncenter\"><a href=\"http:\/\/historiarum.fi\/wp-content\/uploads\/2016\/06\/Pargas-Malm-p\u00e5-1770.pdf\"><img loading=\"lazy\" decoding=\"async\" class=\"wp-image-64 size-medium\" src=\"http:\/\/historiarum.fi\/wp-content\/uploads\/2016\/06\/Malmen_1770_1024-300x218.jpg\" alt=\"Karta \u00f6ver Gamla Malmen i Pargas p\u00e5 1770-talet. \" width=\"300\" height=\"218\" srcset=\"https:\/\/historiarum.fi\/wp-content\/uploads\/2016\/06\/Malmen_1770_1024-300x218.jpg 300w, https:\/\/historiarum.fi\/wp-content\/uploads\/2016\/06\/Malmen_1770_1024-768x559.jpg 768w, https:\/\/historiarum.fi\/wp-content\/uploads\/2016\/06\/Malmen_1770_1024.jpg 1024w\" sizes=\"auto, (max-width: 300px) 85vw, 300px\" \/><\/a><figcaption id=\"caption-attachment-64\" class=\"wp-caption-text\">Vanha Malmi 1770-luvulla.<\/figcaption><\/figure>\n","protected":false},"excerpt":{"rendered":"<p>Vanha Malmi on Paraisten historiallinen keskus, vanha kauppapaikka ja hyvin s\u00e4ilynyt puutalokaupunki. Vanha Malmi muodostaa yhdess\u00e4 keskiaikaisen kirkon kanssa kansallisesti arvokkaan kulttuuriymp\u00e4rist\u00f6n. Alueen ensimm\u00e4iset rakennelmat olivat kaiketi kirkkoa 1200-1300 luvuilla rakentaneiden ty\u00f6l\u00e4isten kirkonm\u00e4elle pystytt\u00e4mi\u00e4 torppia. Malmin nykyinen asutus on 1700-luvun kiivas rakentamiskauden tulosta. Monien vanhojen rakennusten ulkomuodot ovat aikojen saatossa muuttuneet. Kaupungin kujien varrella voi &hellip; <a href=\"https:\/\/historiarum.fi\/fi\/gamlamalmen\/\" class=\"more-link\">Continue reading<span class=\"screen-reader-text\"> &#8221;Gamla malmen&#8221;<\/span><\/a><\/p>\n","protected":false},"author":1,"featured_media":345,"parent":0,"menu_order":0,"comment_status":"closed","ping_status":"closed","template":"page-gamlamalmen.php","meta":{"footnotes":""},"class_list":["post-52","page","type-page","status-publish","has-post-thumbnail","hentry"],"_links":{"self":[{"href":"https:\/\/historiarum.fi\/fi\/wp-json\/wp\/v2\/pages\/52","targetHints":{"allow":["GET"]}}],"collection":[{"href":"https:\/\/historiarum.fi\/fi\/wp-json\/wp\/v2\/pages"}],"about":[{"href":"https:\/\/historiarum.fi\/fi\/wp-json\/wp\/v2\/types\/page"}],"author":[{"embeddable":true,"href":"https:\/\/historiarum.fi\/fi\/wp-json\/wp\/v2\/users\/1"}],"replies":[{"embeddable":true,"href":"https:\/\/historiarum.fi\/fi\/wp-json\/wp\/v2\/comments?post=52"}],"version-history":[{"count":12,"href":"https:\/\/historiarum.fi\/fi\/wp-json\/wp\/v2\/pages\/52\/revisions"}],"predecessor-version":[{"id":224,"href":"https:\/\/historiarum.fi\/fi\/wp-json\/wp\/v2\/pages\/52\/revisions\/224"}],"wp:featuredmedia":[{"embeddable":true,"href":"https:\/\/historiarum.fi\/fi\/wp-json\/wp\/v2\/media\/345"}],"wp:attachment":[{"href":"https:\/\/historiarum.fi\/fi\/wp-json\/wp\/v2\/media?parent=52"}],"curies":[{"name":"wp","href":"https:\/\/api.w.org\/{rel}","templated":true}]}}